{"id":9,"date":"2011-09-03T13:15:14","date_gmt":"2011-09-03T13:15:14","guid":{"rendered":"http:\/\/localhost\/wordpress\/?page_id=9"},"modified":"2012-06-26T18:56:47","modified_gmt":"2012-06-26T18:56:47","slug":"photos-videos","status":"publish","type":"page","link":"https:\/\/www.lesmilleherons.fr\/?page_id=9","title":{"rendered":"Photos et Vid\u00e9os"},"content":{"rendered":"<p style=\"text-align: justify;\">Retrouvez ici toutes les photos des diff\u00e9rentes saisons th\u00e9\u00e2trales de la troupe<\/p>\n<p>&nbsp;<\/p>\n<p>&nbsp;<\/p>\n<p>&nbsp;<\/p>\n<p>&nbsp;<\/p>\n<p>&nbsp;<\/p>\n<p style=\"text-align: center;\">(Acc\u00e9dez aux diff\u00e9rentes saisons en parcourant le menu d\u00e9roulant en haut)<\/p>\n","protected":false},"excerpt":{"rendered":"<p>Retrouvez ici toutes les photos des diff\u00e9rentes saisons th\u00e9\u00e2trales de la troupe &nbsp; &nbsp; &nbsp; &nbsp; &nbsp; (Acc\u00e9dez aux diff\u00e9rentes saisons en parcourant le menu d\u00e9roulant en haut)<\/p>\n","protected":false},"author":3,"featured_media":1152,"parent":0,"menu_order":0,"comment_status":"closed","ping_status":"closed","template":"","meta":{"footnotes":""},"class_list":["post-9","page","type-page","status-publish","has-post-thumbnail","hentry"],"featured_image_src":"https:\/\/www.lesmilleherons.fr\/wp-content\/uploads\/2012\/06\/dsc_0132_redim.jpg","featured_image_src_square":"https:\/\/www.lesmilleherons.fr\/wp-content\/uploads\/2012\/06\/dsc_0132_redim.jpg","rbea_author_info":{"display_name":"Les Mille H\u00e9rons","author_link":"https:\/\/www.lesmilleherons.fr\/?author=3"},"rbea_excerpt_info":"Retrouvez ici toutes les photos des diff\u00e9rentes saisons th\u00e9\u00e2trales de la troupe &nbsp; &nbsp; &nbsp; &nbsp; &nbsp; (Acc\u00e9dez aux diff\u00e9rentes saisons en parcourant le menu d\u00e9roulant en haut)","_links":{"self":[{"href":"https:\/\/www.lesmilleherons.fr\/index.php?rest_route=\/wp\/v2\/pages\/9","targetHints":{"allow":["GET"]}}],"collection":[{"href":"https:\/\/www.lesmilleherons.fr\/index.php?rest_route=\/wp\/v2\/pages"}],"about":[{"href":"https:\/\/www.lesmilleherons.fr\/index.php?rest_route=\/wp\/v2\/types\/page"}],"author":[{"embeddable":true,"href":"https:\/\/www.lesmilleherons.fr\/index.php?rest_route=\/wp\/v2\/users\/3"}],"replies":[{"embeddable":true,"href":"https:\/\/www.lesmilleherons.fr\/index.php?rest_route=%2Fwp%2Fv2%2Fcomments&post=9"}],"version-history":[{"count":27,"href":"https:\/\/www.lesmilleherons.fr\/index.php?rest_route=\/wp\/v2\/pages\/9\/revisions"}],"predecessor-version":[{"id":17,"href":"https:\/\/www.lesmilleherons.fr\/index.php?rest_route=\/wp\/v2\/pages\/9\/revisions\/17"}],"wp:featuredmedia":[{"embeddable":true,"href":"https:\/\/www.lesmilleherons.fr\/index.php?rest_route=\/wp\/v2\/media\/1152"}],"wp:attachment":[{"href":"https:\/\/www.lesmilleherons.fr\/index.php?rest_route=%2Fwp%2Fv2%2Fmedia&parent=9"}],"curies":[{"name":"wp","href":"https:\/\/api.w.org\/{rel}","templated":true}]}}