{"id":745,"date":"2011-09-21T21:04:59","date_gmt":"2011-09-21T21:04:59","guid":{"rendered":"http:\/\/localhost\/wordpress\/?page_id=745"},"modified":"2012-07-03T10:57:24","modified_gmt":"2012-07-03T10:57:24","slug":"saison-2010","status":"publish","type":"page","link":"https:\/\/www.lesmilleherons.fr\/?page_id=745","title":{"rendered":"Saison 2010"},"content":{"rendered":"<p>En 2010, les jeunes ont jou\u00e9 <em>Le Boyau de la Rigolade<\/em>, une pi\u00e8ce de Francis Poulet en 1 acte.<\/p>\n<p>Les adultes ont quant \u00e0 eux jou\u00e9 une pi\u00e8ce en 3 actes de Thierry Fran\u00e7ois intitul\u00e9e <em>L\u2019Au-del\u00e0 de Ludo<\/em><\/p>\n<div class=\"flagallery phantom_skin\" id=\"FlaGallery_sc1_6\" style='width:2000;'><style type=\"text\/css\" class=\"flagallery_skin_style_import\">#FlaGallery_sc1_6 .flagPhantom_ThumbContainer {width:200px; height:180px;}#FlaGallery_sc1_6 .flagPhantom_MobileView .flagPhantom_ThumbContainer {width:150px; height:135px;}#FlaGallery_sc1_6 .flagPhantom_Container {margin-left:auto;margin-right:auto;}#FlaGallery_sc1_6 .flagPhantom_ThumbContainer {margin:8px 0 0 8px;}#FlaGallery_sc1_6 .flagPhantom_ThumbContainer {padding:2px;}#FlaGallery_sc1_6 .flagPhantom_LabelBottom .flagPhantom_ThumbContainer {padding-bottom:36px;}#FlaGallery_sc1_6 .flagPhantom_ThumbContainer,#FlaGallery_sc1_6 .flagPhantom_LabelBottom .flagPhantom_ThumbLabel {background-color:#ffffff;}#FlaGallery_sc1_6 .flagPhantom_ThumbContainer .flagPhantom_Thumb {opacity:0.9;}#FlaGallery_sc1_6 .flagPhantom_ThumbContainer:hover .flagPhantom_Thumb {opacity:1;}#FlaGallery_sc1_6 .flagPhantom_ThumbContainer {border:1px solid #cccccc;}#FlaGallery_sc1_6 .flagPhantom_ThumbContainer {box-shadow:0 0 5px -2px #cccccc;}#FlaGallery_sc1_6 .flagPhantom_ThumbLabel {color:#0b0b0b;}#FlaGallery_sc1_6 .flagPhantom_ThumbLabel a {color:#3695E7;}#FlaGallery_sc1_6 .flagPhantom_LabelInside .flagPhantom_ThumbLabel,#FlaGallery_sc1_6 .flagPhantom_LabelHover .flagPhantom_ThumbLabel {color:#ffffff;}#FlaGallery_sc1_6 .flagPhantom_LabelInside .flagPhantom_ThumbLabel a,#FlaGallery_sc1_6 .flagPhantom_LabelHover .flagPhantom_ThumbLabel a,#FlaGallery_sc1_6 .flagPhantom_LabelInside .flagPhantom_ThumbLabel a:hover,#FlaGallery_sc1_6 .flagPhantom_LabelHover .flagPhantom_ThumbLabel a:hover {color:#e7e179;}<\/style> <div class=\"flagPhantom_Container noLightbox\" style=\"opacity:0\"> <h3>Saison 2010<\/h3> <div class=\"flagPhantom_thumbsWrapper flagPhantom_ThumbScale flagPhantom_LabelHover\"> <div class=\"flagPhantom_ThumbContainer flagPhantom_ThumbLoader\" data-id=\"527\" data-ratio=\"1.5082956259427\" data-title=\"\" data-views=\"3\" data-likes=\"0\"> <a href=\"https:\/\/www.lesmilleherons.fr\/wp-content\/flagallery\/saison-2010\/webview\/dsc_0452.jpg\" class=\"flagPhantom_Thumb\"><img decoding=\"async\" class=\"noLazy\" src=\"https:\/\/www.lesmilleherons.fr\/wp-content\/flagallery\/saison-2010\/thumbs\/thumbs_dsc_0452.jpg\" data-src=\"https:\/\/www.lesmilleherons.fr\/wp-content\/flagallery\/saison-2010\/webview\/dsc_0452.jpg\" alt=\"\"\/><\/a> <div class=\"flagPhantom_ThumbLabel\"> <span class=\"flagPhantom_ThumbLabel_title\"><\/span><\/div> <div style=\"display:none;\" class=\"flagPhantom_Details\"> <\/div> <\/div> <div class=\"flagPhantom_ThumbContainer flagPhantom_ThumbLoader\" data-id=\"528\" data-ratio=\"1.5082956259427\" data-title=\"\" data-views=\"1\" data-likes=\"0\"> <a href=\"https:\/\/www.lesmilleherons.fr\/wp-content\/flagallery\/saison-2010\/webview\/dsc_0453.jpg\" class=\"flagPhantom_Thumb\"><img decoding=\"async\" class=\"noLazy\" src=\"https:\/\/www.lesmilleherons.fr\/wp-content\/flagallery\/saison-2010\/thumbs\/thumbs_dsc_0453.jpg\" data-src=\"https:\/\/www.lesmilleherons.fr\/wp-content\/flagallery\/saison-2010\/webview\/dsc_0453.jpg\" alt=\"\"\/><\/a> <div class=\"flagPhantom_ThumbLabel\"> <span class=\"flagPhantom_ThumbLabel_title\"><\/span><\/div> <div style=\"display:none;\" class=\"flagPhantom_Details\"> <\/div> <\/div> <div class=\"flagPhantom_ThumbContainer flagPhantom_ThumbLoader\" data-id=\"529\" data-ratio=\"1.5082956259427\" data-title=\"\" data-views=\"0\" data-likes=\"0\"> <a href=\"https:\/\/www.lesmilleherons.fr\/wp-content\/flagallery\/saison-2010\/webview\/dsc_0454.jpg\" class=\"flagPhantom_Thumb\"><img decoding=\"async\" class=\"noLazy\" src=\"https:\/\/www.lesmilleherons.fr\/wp-content\/flagallery\/saison-2010\/thumbs\/thumbs_dsc_0454.jpg\" data-src=\"https:\/\/www.lesmilleherons.fr\/wp-content\/flagallery\/saison-2010\/webview\/dsc_0454.jpg\" alt=\"\"\/><\/a> <div class=\"flagPhantom_ThumbLabel\"> <span class=\"flagPhantom_ThumbLabel_title\"><\/span><\/div> <div style=\"display:none;\" class=\"flagPhantom_Details\"> <\/div> <\/div> <div class=\"flagPhantom_ThumbContainer flagPhantom_ThumbLoader\" data-id=\"530\" data-ratio=\"1.5082956259427\" data-title=\"\" data-views=\"0\" data-likes=\"0\"> <a href=\"https:\/\/www.lesmilleherons.fr\/wp-content\/flagallery\/saison-2010\/webview\/dsc_0455.jpg\" class=\"flagPhantom_Thumb\"><img decoding=\"async\" class=\"noLazy\" src=\"https:\/\/www.lesmilleherons.fr\/wp-content\/flagallery\/saison-2010\/thumbs\/thumbs_dsc_0455.jpg\" data-src=\"https:\/\/www.lesmilleherons.fr\/wp-content\/flagallery\/saison-2010\/webview\/dsc_0455.jpg\" alt=\"\"\/><\/a> <div class=\"flagPhantom_ThumbLabel\"> <span class=\"flagPhantom_ThumbLabel_title\"><\/span><\/div> <div style=\"display:none;\" class=\"flagPhantom_Details\"> <\/div> <\/div> <div class=\"flagPhantom_ThumbContainer flagPhantom_ThumbLoader\" data-id=\"531\" data-ratio=\"1.5082956259427\" data-title=\"\" data-views=\"2\" data-likes=\"0\"> <a href=\"https:\/\/www.lesmilleherons.fr\/wp-content\/flagallery\/saison-2010\/webview\/dsc_0457.jpg\" class=\"flagPhantom_Thumb\"><img decoding=\"async\" class=\"noLazy\" src=\"https:\/\/www.lesmilleherons.fr\/wp-content\/flagallery\/saison-2010\/thumbs\/thumbs_dsc_0457.jpg\" data-src=\"https:\/\/www.lesmilleherons.fr\/wp-content\/flagallery\/saison-2010\/webview\/dsc_0457.jpg\" alt=\"\"\/><\/a> <div class=\"flagPhantom_ThumbLabel\"> <span class=\"flagPhantom_ThumbLabel_title\"><\/span><\/div> <div style=\"display:none;\" class=\"flagPhantom_Details\"> <\/div> <\/div> <div class=\"flagPhantom_ThumbContainer flagPhantom_ThumbLoader\" data-id=\"532\" data-ratio=\"1.5082956259427\" data-title=\"\" data-views=\"1\" data-likes=\"0\"> <a href=\"https:\/\/www.lesmilleherons.fr\/wp-content\/flagallery\/saison-2010\/webview\/dsc_0459.jpg\" class=\"flagPhantom_Thumb\"><img decoding=\"async\" class=\"noLazy\" src=\"https:\/\/www.lesmilleherons.fr\/wp-content\/flagallery\/saison-2010\/thumbs\/thumbs_dsc_0459.jpg\" data-src=\"https:\/\/www.lesmilleherons.fr\/wp-content\/flagallery\/saison-2010\/webview\/dsc_0459.jpg\" alt=\"\"\/><\/a> <div class=\"flagPhantom_ThumbLabel\"> <span class=\"flagPhantom_ThumbLabel_title\"><\/span><\/div> <div style=\"display:none;\" class=\"flagPhantom_Details\"> <\/div> <\/div> <div class=\"flagPhantom_ThumbContainer flagPhantom_ThumbLoader\" data-id=\"533\" data-ratio=\"1.5082956259427\" data-title=\"\" data-views=\"0\" data-likes=\"0\"> <a href=\"https:\/\/www.lesmilleherons.fr\/wp-content\/flagallery\/saison-2010\/webview\/dsc_0460.jpg\" class=\"flagPhantom_Thumb\"><img decoding=\"async\" class=\"noLazy\" src=\"https:\/\/www.lesmilleherons.fr\/wp-content\/flagallery\/saison-2010\/thumbs\/thumbs_dsc_0460.jpg\" data-src=\"https:\/\/www.lesmilleherons.fr\/wp-content\/flagallery\/saison-2010\/webview\/dsc_0460.jpg\" alt=\"\"\/><\/a> <div class=\"flagPhantom_ThumbLabel\"> <span class=\"flagPhantom_ThumbLabel_title\"><\/span><\/div> <div style=\"display:none;\" class=\"flagPhantom_Details\"> <\/div> <\/div> <div class=\"flagPhantom_ThumbContainer flagPhantom_ThumbLoader\" data-id=\"534\" data-ratio=\"1.5082956259427\" data-title=\"\" data-views=\"2\" data-likes=\"0\"> <a href=\"https:\/\/www.lesmilleherons.fr\/wp-content\/flagallery\/saison-2010\/webview\/dsc_0463.jpg\" class=\"flagPhantom_Thumb\"><img decoding=\"async\" class=\"noLazy\" src=\"https:\/\/www.lesmilleherons.fr\/wp-content\/flagallery\/saison-2010\/thumbs\/thumbs_dsc_0463.jpg\" data-src=\"https:\/\/www.lesmilleherons.fr\/wp-content\/flagallery\/saison-2010\/webview\/dsc_0463.jpg\" alt=\"\"\/><\/a> <div class=\"flagPhantom_ThumbLabel\"> <span class=\"flagPhantom_ThumbLabel_title\"><\/span><\/div> <div style=\"display:none;\" class=\"flagPhantom_Details\"> <\/div> <\/div> <div class=\"flagPhantom_ThumbContainer flagPhantom_ThumbLoader\" data-id=\"535\" data-ratio=\"1.5082956259427\" data-title=\"\" data-views=\"1\" data-likes=\"0\"> <a href=\"https:\/\/www.lesmilleherons.fr\/wp-content\/flagallery\/saison-2010\/webview\/dsc_0464.jpg\" class=\"flagPhantom_Thumb\"><img decoding=\"async\" class=\"noLazy\" src=\"https:\/\/www.lesmilleherons.fr\/wp-content\/flagallery\/saison-2010\/thumbs\/thumbs_dsc_0464.jpg\" data-src=\"https:\/\/www.lesmilleherons.fr\/wp-content\/flagallery\/saison-2010\/webview\/dsc_0464.jpg\" alt=\"\"\/><\/a> <div class=\"flagPhantom_ThumbLabel\"> <span class=\"flagPhantom_ThumbLabel_title\"><\/span><\/div> <div style=\"display:none;\" class=\"flagPhantom_Details\"> <\/div> <\/div> <div class=\"flagPhantom_ThumbContainer flagPhantom_ThumbLoader\" data-id=\"536\" data-ratio=\"1.5082956259427\" data-title=\"\" data-views=\"1\" data-likes=\"0\"> <a href=\"https:\/\/www.lesmilleherons.fr\/wp-content\/flagallery\/saison-2010\/webview\/dsc_0476.jpg\" class=\"flagPhantom_Thumb\"><img decoding=\"async\" class=\"noLazy\" src=\"https:\/\/www.lesmilleherons.fr\/wp-content\/flagallery\/saison-2010\/thumbs\/thumbs_dsc_0476.jpg\" data-src=\"https:\/\/www.lesmilleherons.fr\/wp-content\/flagallery\/saison-2010\/webview\/dsc_0476.jpg\" alt=\"\"\/><\/a> <div class=\"flagPhantom_ThumbLabel\"> <span class=\"flagPhantom_ThumbLabel_title\"><\/span><\/div> <div style=\"display:none;\" class=\"flagPhantom_Details\"> <\/div> <\/div> <div class=\"flagPhantom_ThumbContainer flagPhantom_ThumbLoader\" data-id=\"537\" data-ratio=\"1.5082956259427\" data-title=\"\" data-views=\"0\" data-likes=\"0\"> <a href=\"https:\/\/www.lesmilleherons.fr\/wp-content\/flagallery\/saison-2010\/webview\/dsc_0477.jpg\" class=\"flagPhantom_Thumb\"><img decoding=\"async\" class=\"noLazy\" src=\"https:\/\/www.lesmilleherons.fr\/wp-content\/flagallery\/saison-2010\/thumbs\/thumbs_dsc_0477.jpg\" data-src=\"https:\/\/www.lesmilleherons.fr\/wp-content\/flagallery\/saison-2010\/webview\/dsc_0477.jpg\" alt=\"\"\/><\/a> <div class=\"flagPhantom_ThumbLabel\"> <span class=\"flagPhantom_ThumbLabel_title\"><\/span><\/div> <div style=\"display:none;\" class=\"flagPhantom_Details\"> <\/div> <\/div> <div class=\"flagPhantom_ThumbContainer flagPhantom_ThumbLoader\" data-id=\"538\" data-ratio=\"1.5082956259427\" data-title=\"\" data-views=\"1\" data-likes=\"0\"> <a href=\"https:\/\/www.lesmilleherons.fr\/wp-content\/flagallery\/saison-2010\/webview\/dsc_0483.jpg\" class=\"flagPhantom_Thumb\"><img decoding=\"async\" class=\"noLazy\" src=\"https:\/\/www.lesmilleherons.fr\/wp-content\/flagallery\/saison-2010\/thumbs\/thumbs_dsc_0483.jpg\" data-src=\"https:\/\/www.lesmilleherons.fr\/wp-content\/flagallery\/saison-2010\/webview\/dsc_0483.jpg\" alt=\"\"\/><\/a> <div class=\"flagPhantom_ThumbLabel\"> <span class=\"flagPhantom_ThumbLabel_title\"><\/span><\/div> <div style=\"display:none;\" class=\"flagPhantom_Details\"> <\/div> <\/div> <div class=\"flagPhantom_ThumbContainer flagPhantom_ThumbLoader\" data-id=\"539\" data-ratio=\"1.5082956259427\" data-title=\"\" data-views=\"1\" data-likes=\"0\"> <a href=\"https:\/\/www.lesmilleherons.fr\/wp-content\/flagallery\/saison-2010\/webview\/dsc_0484.jpg\" class=\"flagPhantom_Thumb\"><img decoding=\"async\" class=\"noLazy\" src=\"https:\/\/www.lesmilleherons.fr\/wp-content\/flagallery\/saison-2010\/thumbs\/thumbs_dsc_0484.jpg\" data-src=\"https:\/\/www.lesmilleherons.fr\/wp-content\/flagallery\/saison-2010\/webview\/dsc_0484.jpg\" alt=\"\"\/><\/a> <div class=\"flagPhantom_ThumbLabel\"> <span class=\"flagPhantom_ThumbLabel_title\"><\/span><\/div> <div style=\"display:none;\" class=\"flagPhantom_Details\"> <\/div> <\/div> <div class=\"flagPhantom_ThumbContainer flagPhantom_ThumbLoader\" data-id=\"540\" data-ratio=\"1.5082956259427\" data-title=\"\" data-views=\"2\" data-likes=\"0\"> <a href=\"https:\/\/www.lesmilleherons.fr\/wp-content\/flagallery\/saison-2010\/webview\/dsc_0485.jpg\" class=\"flagPhantom_Thumb\"><img decoding=\"async\" class=\"noLazy\" src=\"https:\/\/www.lesmilleherons.fr\/wp-content\/flagallery\/saison-2010\/thumbs\/thumbs_dsc_0485.jpg\" data-src=\"https:\/\/www.lesmilleherons.fr\/wp-content\/flagallery\/saison-2010\/webview\/dsc_0485.jpg\" alt=\"\"\/><\/a> <div class=\"flagPhantom_ThumbLabel\"> <span class=\"flagPhantom_ThumbLabel_title\"><\/span><\/div> <div style=\"display:none;\" class=\"flagPhantom_Details\"> <\/div> <\/div> <div class=\"flagPhantom_ThumbContainer flagPhantom_ThumbLoader\" data-id=\"541\" data-ratio=\"1.5082956259427\" data-title=\"\" data-views=\"1\" data-likes=\"0\"> <a href=\"https:\/\/www.lesmilleherons.fr\/wp-content\/flagallery\/saison-2010\/webview\/dsc_0486.jpg\" class=\"flagPhantom_Thumb\"><img decoding=\"async\" class=\"noLazy\" src=\"https:\/\/www.lesmilleherons.fr\/wp-content\/flagallery\/saison-2010\/thumbs\/thumbs_dsc_0486.jpg\" data-src=\"https:\/\/www.lesmilleherons.fr\/wp-content\/flagallery\/saison-2010\/webview\/dsc_0486.jpg\" alt=\"\"\/><\/a> <div class=\"flagPhantom_ThumbLabel\"> <span class=\"flagPhantom_ThumbLabel_title\"><\/span><\/div> <div style=\"display:none;\" class=\"flagPhantom_Details\"> <\/div> <\/div> <div class=\"flagPhantom_ThumbContainer flagPhantom_ThumbLoader\" data-id=\"542\" data-ratio=\"1.5082956259427\" data-title=\"\" data-views=\"0\" data-likes=\"0\"> <a href=\"https:\/\/www.lesmilleherons.fr\/wp-content\/flagallery\/saison-2010\/webview\/dsc_0491.jpg\" class=\"flagPhantom_Thumb\"><img decoding=\"async\" class=\"noLazy\" src=\"https:\/\/www.lesmilleherons.fr\/wp-content\/flagallery\/saison-2010\/thumbs\/thumbs_dsc_0491.jpg\" data-src=\"https:\/\/www.lesmilleherons.fr\/wp-content\/flagallery\/saison-2010\/webview\/dsc_0491.jpg\" alt=\"\"\/><\/a> <div class=\"flagPhantom_ThumbLabel\"> <span class=\"flagPhantom_ThumbLabel_title\"><\/span><\/div> <div style=\"display:none;\" class=\"flagPhantom_Details\"> <\/div> <\/div> <div class=\"flagPhantom_ThumbContainer flagPhantom_ThumbLoader\" data-id=\"543\" data-ratio=\"1.5082956259427\" data-title=\"\" data-views=\"0\" data-likes=\"0\"> <a href=\"https:\/\/www.lesmilleherons.fr\/wp-content\/flagallery\/saison-2010\/webview\/dsc_0496.jpg\" class=\"flagPhantom_Thumb\"><img decoding=\"async\" class=\"noLazy\" src=\"https:\/\/www.lesmilleherons.fr\/wp-content\/flagallery\/saison-2010\/thumbs\/thumbs_dsc_0496.jpg\" data-src=\"https:\/\/www.lesmilleherons.fr\/wp-content\/flagallery\/saison-2010\/webview\/dsc_0496.jpg\" alt=\"\"\/><\/a> <div class=\"flagPhantom_ThumbLabel\"> <span class=\"flagPhantom_ThumbLabel_title\"><\/span><\/div> <div style=\"display:none;\" class=\"flagPhantom_Details\"> <\/div> <\/div> <div class=\"flagPhantom_ThumbContainer flagPhantom_ThumbLoader\" data-id=\"544\" data-ratio=\"1.5082956259427\" data-title=\"\" data-views=\"0\" data-likes=\"0\"> <a href=\"https:\/\/www.lesmilleherons.fr\/wp-content\/flagallery\/saison-2010\/webview\/dsc_0498.jpg\" class=\"flagPhantom_Thumb\"><img decoding=\"async\" class=\"noLazy\" src=\"https:\/\/www.lesmilleherons.fr\/wp-content\/flagallery\/saison-2010\/thumbs\/thumbs_dsc_0498.jpg\" data-src=\"https:\/\/www.lesmilleherons.fr\/wp-content\/flagallery\/saison-2010\/webview\/dsc_0498.jpg\" alt=\"\"\/><\/a> <div class=\"flagPhantom_ThumbLabel\"> <span class=\"flagPhantom_ThumbLabel_title\"><\/span><\/div> <div style=\"display:none;\" class=\"flagPhantom_Details\"> <\/div> <\/div> <div class=\"flagPhantom_ThumbContainer flagPhantom_ThumbLoader\" data-id=\"545\" data-ratio=\"1.5082956259427\" data-title=\"\" data-views=\"3\" data-likes=\"0\"> <a href=\"https:\/\/www.lesmilleherons.fr\/wp-content\/flagallery\/saison-2010\/webview\/dsc_0500.jpg\" class=\"flagPhantom_Thumb\"><img decoding=\"async\" class=\"noLazy\" src=\"https:\/\/www.lesmilleherons.fr\/wp-content\/flagallery\/saison-2010\/thumbs\/thumbs_dsc_0500.jpg\" data-src=\"https:\/\/www.lesmilleherons.fr\/wp-content\/flagallery\/saison-2010\/webview\/dsc_0500.jpg\" alt=\"\"\/><\/a> <div class=\"flagPhantom_ThumbLabel\"> <span class=\"flagPhantom_ThumbLabel_title\"><\/span><\/div> <div style=\"display:none;\" class=\"flagPhantom_Details\"> <\/div> <\/div> <div class=\"flagPhantom_ThumbContainer flagPhantom_ThumbLoader\" data-id=\"546\" data-ratio=\"1.5082956259427\" data-title=\"\" data-views=\"2\" data-likes=\"0\"> <a href=\"https:\/\/www.lesmilleherons.fr\/wp-content\/flagallery\/saison-2010\/webview\/dsc_0502.jpg\" class=\"flagPhantom_Thumb\"><img decoding=\"async\" class=\"noLazy\" src=\"https:\/\/www.lesmilleherons.fr\/wp-content\/flagallery\/saison-2010\/thumbs\/thumbs_dsc_0502.jpg\" data-src=\"https:\/\/www.lesmilleherons.fr\/wp-content\/flagallery\/saison-2010\/webview\/dsc_0502.jpg\" alt=\"\"\/><\/a> <div class=\"flagPhantom_ThumbLabel\"> <span class=\"flagPhantom_ThumbLabel_title\"><\/span><\/div> <div style=\"display:none;\" class=\"flagPhantom_Details\"> <\/div> <\/div> <div class=\"flagPhantom_ThumbContainer flagPhantom_ThumbLoader\" data-id=\"547\" data-ratio=\"1.5082956259427\" data-title=\"\" data-views=\"4\" data-likes=\"0\"> <a href=\"https:\/\/www.lesmilleherons.fr\/wp-content\/flagallery\/saison-2010\/webview\/dsc_0504.jpg\" class=\"flagPhantom_Thumb\"><img decoding=\"async\" class=\"noLazy\" src=\"https:\/\/www.lesmilleherons.fr\/wp-content\/flagallery\/saison-2010\/thumbs\/thumbs_dsc_0504.jpg\" data-src=\"https:\/\/www.lesmilleherons.fr\/wp-content\/flagallery\/saison-2010\/webview\/dsc_0504.jpg\" alt=\"\"\/><\/a> <div class=\"flagPhantom_ThumbLabel\"> <span class=\"flagPhantom_ThumbLabel_title\"><\/span><\/div> <div style=\"display:none;\" class=\"flagPhantom_Details\"> <\/div> <\/div> <div class=\"flagPhantom_ThumbContainer flagPhantom_ThumbLoader\" data-id=\"548\" data-ratio=\"1.5082956259427\" data-title=\"\" data-views=\"5\" data-likes=\"0\"> <a href=\"https:\/\/www.lesmilleherons.fr\/wp-content\/flagallery\/saison-2010\/webview\/dsc_0505.jpg\" class=\"flagPhantom_Thumb\"><img decoding=\"async\" class=\"noLazy\" src=\"https:\/\/www.lesmilleherons.fr\/wp-content\/flagallery\/saison-2010\/thumbs\/thumbs_dsc_0505.jpg\" data-src=\"https:\/\/www.lesmilleherons.fr\/wp-content\/flagallery\/saison-2010\/webview\/dsc_0505.jpg\" alt=\"\"\/><\/a> <div class=\"flagPhantom_ThumbLabel\"> <span class=\"flagPhantom_ThumbLabel_title\"><\/span><\/div> <div style=\"display:none;\" class=\"flagPhantom_Details\"> <\/div> <\/div> <div class=\"flagPhantom_ThumbContainer flagPhantom_ThumbLoader\" data-id=\"549\" data-ratio=\"1.5082956259427\" data-title=\"\" data-views=\"7\" data-likes=\"0\"> <a href=\"https:\/\/www.lesmilleherons.fr\/wp-content\/flagallery\/saison-2010\/webview\/dsc_05061.jpg\" class=\"flagPhantom_Thumb\"><img decoding=\"async\" class=\"noLazy\" src=\"https:\/\/www.lesmilleherons.fr\/wp-content\/flagallery\/saison-2010\/thumbs\/thumbs_dsc_05061.jpg\" data-src=\"https:\/\/www.lesmilleherons.fr\/wp-content\/flagallery\/saison-2010\/webview\/dsc_05061.jpg\" alt=\"\"\/><\/a> <div class=\"flagPhantom_ThumbLabel\"> <span class=\"flagPhantom_ThumbLabel_title\"><\/span><\/div> <div style=\"display:none;\" class=\"flagPhantom_Details\"> <\/div> <\/div> <\/div> <\/div> <script type=\"text\/javascript\"> jQuery(function(){ var settings = {\"maxheight\":\"0\",\"thumbCols\":\"0\",\"thumbRows\":\"0\",\"thumbsNavigation\":\"scroll\",\"bgColor\":\"#ffffff\",\"bgAlpha\":\"0\",\"thumbWidth\":\"200\",\"thumbHeight\":\"180\",\"thumbWidthMobile\":\"150\",\"thumbHeightMobile\":\"135\",\"thumbsSpacing\":\"8\",\"thumbsVerticalPadding\":\"4\",\"thumbsHorizontalPadding\":\"4\",\"thumbsAlign\":\"center\",\"thumbScale\":\"1\",\"thumbBG\":\"#ffffff\",\"thumbAlpha\":\"90\",\"thumbAlphaHover\":\"100\",\"thumbBorderSize\":\"1\",\"thumbBorderColor\":\"#cccccc\",\"thumbPadding\":\"2\",\"thumbsInfo\":\"label\",\"labelOnHover\":\"1\",\"labelTextColor\":\"#ffffff\",\"labelLinkColor\":\"#e7e179\",\"label8TextColor\":\"#0b0b0b\",\"label8LinkColor\":\"#3695E7\",\"tooltipTextColor\":\"#0b0b0b\",\"tooltipBgColor\":\"#ffffff\",\"tooltipStrokeColor\":\"#000000\",\"lightboxControlsColor\":\"#ffffff\",\"lightboxTitleColor\":\"#f3f3f3\",\"lightboxTextColor\":\"#f3f3f3\",\"lightboxBGColor\":\"#0b0b0b\",\"lightboxBGAlpha\":\"80\",\"socialShareEnabled\":\"1\",\"deepLinks\":\"1\",\"sidebarBGColor\":\"#ffffff\",\"lightbox800HideArrows\":\"0\",\"viewsEnabled\":\"1\",\"likesEnabled\":\"1\",\"thumb2link\":\"0\",\"show_title\":\"1\",\"initRPdelay\":\"200\",\"key\":\"\",\"name\":\"\",\"mfp_css\":\"\\r\\n#mfp_gm_sc1_6 .mfp-arrow-right:after,\\r\\n#mfp_gm_sc1_6 .mfp-arrow-right .mfp-a {border-left-color:#ffffff;}\\r\\n#mfp_gm_sc1_6 .mfp-arrow-left:after,\\r\\n#mfp_gm_sc1_6 .mfp-arrow-left .mfp-a {border-right-color:#ffffff;}\\r\\n#mfp_gm_sc1_6 .mfp-close,\\r\\n#mfp_gm_sc1_6 .mfp-likes,\\r\\n#mfp_gm_sc1_6 .mfp-share {color:#ffffff;}\\r\\n#mfp_gm_sc1_6 .mfp-preloader {background-color:#ffffff;}\\r\\n#mfp_gm_sc1_6 .flagPhantom_title,\\r\\n#mfp_gm_sc1_6 .mfp-counter {color:#f3f3f3;}\\r\\n#mfp_gm_sc1_6 .flagPhantom_text {color:#f3f3f3;}\\r\\n#mfp_gm_sc1_6_bg.mfp-bg {background-color:#0b0b0b;}\\r\\n#mfp_gm_sc1_6_bg.mfp-bg {opacity:0.8;}\\r\\n#mfp_gm_sc1_6_bg.mfp-zoom-in.mfp-bg {opacity:0}\\r\\n#mfp_gm_sc1_6_bg.mfp-zoom-in.mfp-ready.mfp-bg {opacity:0.8;}\\r\\n#mfp_gm_sc1_6_bg.mfp-zoom-in.mfp-removing.mfp-bg {opacity:0}\"}; jQuery('#FlaGallery_sc1_6').flagPhantom([settings]); }); <\/script><\/div><noscript id=\"noscript_FlaGallery_sc1_6\"><img class=\"skip-lazy no-lazyload noLazy\" data-lazy-src=\"\" src =\"https:\/\/www.lesmilleherons.fr\/wp-content\/flagallery\/saison-2010\/dsc_0452.jpg\" alt=\"\" \/><img class=\"skip-lazy no-lazyload noLazy\" data-lazy-src=\"\" src =\"https:\/\/www.lesmilleherons.fr\/wp-content\/flagallery\/saison-2010\/dsc_0453.jpg\" alt=\"\" \/><img class=\"skip-lazy no-lazyload noLazy\" data-lazy-src=\"\" src =\"https:\/\/www.lesmilleherons.fr\/wp-content\/flagallery\/saison-2010\/dsc_0454.jpg\" alt=\"\" \/><img class=\"skip-lazy no-lazyload noLazy\" data-lazy-src=\"\" src =\"https:\/\/www.lesmilleherons.fr\/wp-content\/flagallery\/saison-2010\/dsc_0455.jpg\" alt=\"\" \/><img class=\"skip-lazy no-lazyload noLazy\" data-lazy-src=\"\" src =\"https:\/\/www.lesmilleherons.fr\/wp-content\/flagallery\/saison-2010\/dsc_0457.jpg\" alt=\"\" \/><img class=\"skip-lazy no-lazyload noLazy\" data-lazy-src=\"\" src =\"https:\/\/www.lesmilleherons.fr\/wp-content\/flagallery\/saison-2010\/dsc_0459.jpg\" alt=\"\" \/><img class=\"skip-lazy no-lazyload noLazy\" data-lazy-src=\"\" src =\"https:\/\/www.lesmilleherons.fr\/wp-content\/flagallery\/saison-2010\/dsc_0460.jpg\" alt=\"\" \/><img class=\"skip-lazy no-lazyload noLazy\" data-lazy-src=\"\" src =\"https:\/\/www.lesmilleherons.fr\/wp-content\/flagallery\/saison-2010\/dsc_0463.jpg\" alt=\"\" \/><img class=\"skip-lazy no-lazyload noLazy\" data-lazy-src=\"\" src =\"https:\/\/www.lesmilleherons.fr\/wp-content\/flagallery\/saison-2010\/dsc_0464.jpg\" alt=\"\" \/><img class=\"skip-lazy no-lazyload noLazy\" data-lazy-src=\"\" src =\"https:\/\/www.lesmilleherons.fr\/wp-content\/flagallery\/saison-2010\/dsc_0476.jpg\" alt=\"\" \/><img class=\"skip-lazy no-lazyload noLazy\" data-lazy-src=\"\" src =\"https:\/\/www.lesmilleherons.fr\/wp-content\/flagallery\/saison-2010\/dsc_0477.jpg\" alt=\"\" \/><img class=\"skip-lazy no-lazyload noLazy\" data-lazy-src=\"\" src =\"https:\/\/www.lesmilleherons.fr\/wp-content\/flagallery\/saison-2010\/dsc_0483.jpg\" alt=\"\" \/><img class=\"skip-lazy no-lazyload noLazy\" data-lazy-src=\"\" src =\"https:\/\/www.lesmilleherons.fr\/wp-content\/flagallery\/saison-2010\/dsc_0484.jpg\" alt=\"\" \/><img class=\"skip-lazy no-lazyload noLazy\" data-lazy-src=\"\" src =\"https:\/\/www.lesmilleherons.fr\/wp-content\/flagallery\/saison-2010\/dsc_0485.jpg\" alt=\"\" \/><img class=\"skip-lazy no-lazyload noLazy\" data-lazy-src=\"\" src =\"https:\/\/www.lesmilleherons.fr\/wp-content\/flagallery\/saison-2010\/dsc_0486.jpg\" alt=\"\" \/><img class=\"skip-lazy no-lazyload noLazy\" data-lazy-src=\"\" src =\"https:\/\/www.lesmilleherons.fr\/wp-content\/flagallery\/saison-2010\/dsc_0491.jpg\" alt=\"\" \/><img class=\"skip-lazy no-lazyload noLazy\" data-lazy-src=\"\" src =\"https:\/\/www.lesmilleherons.fr\/wp-content\/flagallery\/saison-2010\/dsc_0496.jpg\" alt=\"\" \/><img class=\"skip-lazy no-lazyload noLazy\" data-lazy-src=\"\" src =\"https:\/\/www.lesmilleherons.fr\/wp-content\/flagallery\/saison-2010\/dsc_0498.jpg\" alt=\"\" \/><img class=\"skip-lazy no-lazyload noLazy\" data-lazy-src=\"\" src =\"https:\/\/www.lesmilleherons.fr\/wp-content\/flagallery\/saison-2010\/dsc_0500.jpg\" alt=\"\" \/><img class=\"skip-lazy no-lazyload noLazy\" data-lazy-src=\"\" src =\"https:\/\/www.lesmilleherons.fr\/wp-content\/flagallery\/saison-2010\/dsc_0502.jpg\" alt=\"\" \/><img class=\"skip-lazy no-lazyload noLazy\" data-lazy-src=\"\" src =\"https:\/\/www.lesmilleherons.fr\/wp-content\/flagallery\/saison-2010\/dsc_0504.jpg\" alt=\"\" \/><img class=\"skip-lazy no-lazyload noLazy\" data-lazy-src=\"\" src =\"https:\/\/www.lesmilleherons.fr\/wp-content\/flagallery\/saison-2010\/dsc_0505.jpg\" alt=\"\" \/><img class=\"skip-lazy no-lazyload noLazy\" data-lazy-src=\"\" src =\"https:\/\/www.lesmilleherons.fr\/wp-content\/flagallery\/saison-2010\/dsc_05061.jpg\" alt=\"\" \/><\/noscript>\n<p style=\"text-align: right;\">SL : Diaporama, FS : Plein Ecran<\/p>\n<p>&nbsp;<\/p>\n","protected":false},"excerpt":{"rendered":"<p>En 2010, les jeunes ont jou\u00e9 Le Boyau de la Rigolade, une pi\u00e8ce de Francis Poulet en 1 acte. Les adultes ont quant \u00e0 eux jou\u00e9 une pi\u00e8ce en 3 actes de Thierry Fran\u00e7ois intitul\u00e9e L\u2019Au-del\u00e0 de Ludo SL : Diaporama, FS : Plein Ecran &nbsp;<\/p>\n","protected":false},"author":3,"featured_media":0,"parent":9,"menu_order":0,"comment_status":"open","ping_status":"open","template":"","meta":{"footnotes":""},"class_list":["post-745","page","type-page","status-publish","hentry"],"featured_image_src":"","featured_image_src_square":false,"rbea_author_info":{"display_name":"Les Mille H\u00e9rons","author_link":"https:\/\/www.lesmilleherons.fr\/?author=3"},"rbea_excerpt_info":"En 2010, les jeunes ont jou\u00e9 Le Boyau de la Rigolade, une pi\u00e8ce de Francis Poulet en 1 acte. Les adultes ont quant \u00e0 eux jou\u00e9 une pi\u00e8ce en 3 actes de Thierry Fran\u00e7ois intitul\u00e9e L\u2019Au-del\u00e0 de Ludo SL : Diaporama, FS : Plein Ecran &nbsp;","_links":{"self":[{"href":"https:\/\/www.lesmilleherons.fr\/index.php?rest_route=\/wp\/v2\/pages\/745","targetHints":{"allow":["GET"]}}],"collection":[{"href":"https:\/\/www.lesmilleherons.fr\/index.php?rest_route=\/wp\/v2\/pages"}],"about":[{"href":"https:\/\/www.lesmilleherons.fr\/index.php?rest_route=\/wp\/v2\/types\/page"}],"author":[{"embeddable":true,"href":"https:\/\/www.lesmilleherons.fr\/index.php?rest_route=\/wp\/v2\/users\/3"}],"replies":[{"embeddable":true,"href":"https:\/\/www.lesmilleherons.fr\/index.php?rest_route=%2Fwp%2Fv2%2Fcomments&post=745"}],"version-history":[{"count":8,"href":"https:\/\/www.lesmilleherons.fr\/index.php?rest_route=\/wp\/v2\/pages\/745\/revisions"}],"predecessor-version":[{"id":1073,"href":"https:\/\/www.lesmilleherons.fr\/index.php?rest_route=\/wp\/v2\/pages\/745\/revisions\/1073"}],"up":[{"embeddable":true,"href":"https:\/\/www.lesmilleherons.fr\/index.php?rest_route=\/wp\/v2\/pages\/9"}],"wp:attachment":[{"href":"https:\/\/www.lesmilleherons.fr\/index.php?rest_route=%2Fwp%2Fv2%2Fmedia&parent=745"}],"curies":[{"name":"wp","href":"https:\/\/api.w.org\/{rel}","templated":true}]}}