{"id":541,"date":"2011-09-21T20:23:34","date_gmt":"2011-09-21T20:23:34","guid":{"rendered":"http:\/\/localhost\/wordpress\/?page_id=541"},"modified":"2011-09-24T19:52:51","modified_gmt":"2011-09-24T19:52:51","slug":"pique-nique","status":"publish","type":"page","link":"https:\/\/www.lesmilleherons.fr\/?page_id=541","title":{"rendered":"Pique-Nique"},"content":{"rendered":"<p>Tous les ans un pique-nique est organis\u00e9 pendant l&rsquo;\u00e9t\u00e9.<\/p>\n<p><a href=\"http:\/\/localhost\/wordpress\/wp-content\/uploads\/2011\/09\/DSC08115.jpg\"><img loading=\"lazy\" decoding=\"async\" class=\"size-medium wp-image-542 aligncenter\" title=\"DSC08115\" src=\"http:\/\/localhost\/wordpress\/wp-content\/uploads\/2011\/09\/DSC08115-300x225.jpg\" alt=\"\" width=\"300\" height=\"225\" srcset=\"https:\/\/www.lesmilleherons.fr\/wp-content\/uploads\/2011\/09\/DSC08115-300x225.jpg 300w, https:\/\/www.lesmilleherons.fr\/wp-content\/uploads\/2011\/09\/DSC08115-1024x768.jpg 1024w, https:\/\/www.lesmilleherons.fr\/wp-content\/uploads\/2011\/09\/DSC08115.jpg 1152w\" sizes=\"auto, (max-width: 300px) 100vw, 300px\" \/><\/a><\/p>\n","protected":false},"excerpt":{"rendered":"<p>Tous les ans un pique-nique est organis\u00e9 pendant l&rsquo;\u00e9t\u00e9.<\/p>\n","protected":false},"author":3,"featured_media":0,"parent":501,"menu_order":0,"comment_status":"closed","ping_status":"open","template":"","meta":{"footnotes":""},"class_list":["post-541","page","type-page","status-publish","hentry"],"featured_image_src":"","featured_image_src_square":false,"rbea_author_info":{"display_name":"Les Mille H\u00e9rons","author_link":"https:\/\/www.lesmilleherons.fr\/?author=3"},"rbea_excerpt_info":"Tous les ans un pique-nique est organis\u00e9 pendant l&rsquo;\u00e9t\u00e9.","_links":{"self":[{"href":"https:\/\/www.lesmilleherons.fr\/index.php?rest_route=\/wp\/v2\/pages\/541","targetHints":{"allow":["GET"]}}],"collection":[{"href":"https:\/\/www.lesmilleherons.fr\/index.php?rest_route=\/wp\/v2\/pages"}],"about":[{"href":"https:\/\/www.lesmilleherons.fr\/index.php?rest_route=\/wp\/v2\/types\/page"}],"author":[{"embeddable":true,"href":"https:\/\/www.lesmilleherons.fr\/index.php?rest_route=\/wp\/v2\/users\/3"}],"replies":[{"embeddable":true,"href":"https:\/\/www.lesmilleherons.fr\/index.php?rest_route=%2Fwp%2Fv2%2Fcomments&post=541"}],"version-history":[{"count":3,"href":"https:\/\/www.lesmilleherons.fr\/index.php?rest_route=\/wp\/v2\/pages\/541\/revisions"}],"predecessor-version":[{"id":1007,"href":"https:\/\/www.lesmilleherons.fr\/index.php?rest_route=\/wp\/v2\/pages\/541\/revisions\/1007"}],"up":[{"embeddable":true,"href":"https:\/\/www.lesmilleherons.fr\/index.php?rest_route=\/wp\/v2\/pages\/501"}],"wp:attachment":[{"href":"https:\/\/www.lesmilleherons.fr\/index.php?rest_route=%2Fwp%2Fv2%2Fmedia&parent=541"}],"curies":[{"name":"wp","href":"https:\/\/api.w.org\/{rel}","templated":true}]}}