{"id":501,"date":"2011-09-21T19:56:58","date_gmt":"2011-09-21T19:56:58","guid":{"rendered":"http:\/\/localhost\/wordpress\/?page_id=501"},"modified":"2011-12-22T17:15:23","modified_gmt":"2011-12-22T17:15:23","slug":"activites-associatives","status":"publish","type":"page","link":"https:\/\/www.lesmilleherons.fr\/?page_id=501","title":{"rendered":"Activit\u00e9s associatives"},"content":{"rendered":"<p style=\"text-align: justify;\">Gr\u00e2ce \u00e0 l&rsquo;argent r\u00e9colt\u00e9 avec les entr\u00e9es lors des repr\u00e9sentations, la troupe peut faire profiter \u00e0 tous ses adh\u00e9rents diff\u00e9rents repas, pique-niques ou voyages. D\u00e9couvrez-les !<\/p>\n<p>&nbsp;<\/p>\n<p>&nbsp;<\/p>\n<p>&nbsp;<\/p>\n<p>&nbsp;<\/p>\n<p style=\"text-align: center;\">(Acc\u00e9dez aux diff\u00e9rentes activit\u00e9s en parcourant le menu d\u00e9roulant en haut)<\/p>\n","protected":false},"excerpt":{"rendered":"<p>Gr\u00e2ce \u00e0 l&rsquo;argent r\u00e9colt\u00e9 avec les entr\u00e9es lors des repr\u00e9sentations, la troupe peut faire profiter \u00e0 tous ses adh\u00e9rents diff\u00e9rents repas, pique-niques ou voyages. D\u00e9couvrez-les ! &nbsp; &nbsp; &nbsp; &nbsp; (Acc\u00e9dez aux diff\u00e9rentes activit\u00e9s en parcourant le menu d\u00e9roulant en haut)<\/p>\n","protected":false},"author":3,"featured_media":1070,"parent":0,"menu_order":0,"comment_status":"closed","ping_status":"open","template":"","meta":{"footnotes":""},"class_list":["post-501","page","type-page","status-publish","has-post-thumbnail","hentry"],"featured_image_src":"https:\/\/www.lesmilleherons.fr\/wp-content\/uploads\/2011\/09\/S7300229_redim.jpg","featured_image_src_square":"https:\/\/www.lesmilleherons.fr\/wp-content\/uploads\/2011\/09\/S7300229_redim.jpg","rbea_author_info":{"display_name":"Les Mille H\u00e9rons","author_link":"https:\/\/www.lesmilleherons.fr\/?author=3"},"rbea_excerpt_info":"Gr\u00e2ce \u00e0 l&rsquo;argent r\u00e9colt\u00e9 avec les entr\u00e9es lors des repr\u00e9sentations, la troupe peut faire profiter \u00e0 tous ses adh\u00e9rents diff\u00e9rents repas, pique-niques ou voyages. D\u00e9couvrez-les ! &nbsp; &nbsp; &nbsp; &nbsp; (Acc\u00e9dez aux diff\u00e9rentes activit\u00e9s en parcourant le menu d\u00e9roulant en haut)","_links":{"self":[{"href":"https:\/\/www.lesmilleherons.fr\/index.php?rest_route=\/wp\/v2\/pages\/501","targetHints":{"allow":["GET"]}}],"collection":[{"href":"https:\/\/www.lesmilleherons.fr\/index.php?rest_route=\/wp\/v2\/pages"}],"about":[{"href":"https:\/\/www.lesmilleherons.fr\/index.php?rest_route=\/wp\/v2\/types\/page"}],"author":[{"embeddable":true,"href":"https:\/\/www.lesmilleherons.fr\/index.php?rest_route=\/wp\/v2\/users\/3"}],"replies":[{"embeddable":true,"href":"https:\/\/www.lesmilleherons.fr\/index.php?rest_route=%2Fwp%2Fv2%2Fcomments&post=501"}],"version-history":[{"count":16,"href":"https:\/\/www.lesmilleherons.fr\/index.php?rest_route=\/wp\/v2\/pages\/501\/revisions"}],"predecessor-version":[{"id":1071,"href":"https:\/\/www.lesmilleherons.fr\/index.php?rest_route=\/wp\/v2\/pages\/501\/revisions\/1071"}],"wp:featuredmedia":[{"embeddable":true,"href":"https:\/\/www.lesmilleherons.fr\/index.php?rest_route=\/wp\/v2\/media\/1070"}],"wp:attachment":[{"href":"https:\/\/www.lesmilleherons.fr\/index.php?rest_route=%2Fwp%2Fv2%2Fmedia&parent=501"}],"curies":[{"name":"wp","href":"https:\/\/api.w.org\/{rel}","templated":true}]}}