{"id":1465,"date":"2018-12-29T15:34:10","date_gmt":"2018-12-29T15:34:10","guid":{"rendered":"http:\/\/www.lesmilleherons.fr\/?page_id=1465"},"modified":"2018-12-29T17:17:10","modified_gmt":"2018-12-29T17:17:10","slug":"saison-2017","status":"publish","type":"page","link":"https:\/\/www.lesmilleherons.fr\/?page_id=1465","title":{"rendered":"Saison 2017"},"content":{"rendered":"\n<p>En 2017, les jeunes ont jou\u00e9 Des parisiens et des poules, une pi\u00e8ce de J\u00e9r\u00f4me Dubois. Les adultes ont quant \u00e0 eux jou\u00e9 Y&rsquo;a pas de m\u00e2le \u00e0 \u00e7a ! , une pi\u00e8ce de Jean-Claude Martineau en 5 actes. <\/p>\n\n\n\n<p style=\"text-align:center\"> <div class=\"flagallery phantom_skin\" id=\"FlaGallery_sc1_15\" style='width:1041;'><style type=\"text\/css\" class=\"flagallery_skin_style_import\">#FlaGallery_sc1_15 .flagPhantom_ThumbContainer {width:200px; height:180px;}#FlaGallery_sc1_15 .flagPhantom_MobileView .flagPhantom_ThumbContainer {width:150px; height:135px;}#FlaGallery_sc1_15 .flagPhantom_Container {margin-left:auto;margin-right:auto;}#FlaGallery_sc1_15 .flagPhantom_ThumbContainer {margin:8px 0 0 8px;}#FlaGallery_sc1_15 .flagPhantom_ThumbContainer {padding:2px;}#FlaGallery_sc1_15 .flagPhantom_LabelBottom .flagPhantom_ThumbContainer {padding-bottom:36px;}#FlaGallery_sc1_15 .flagPhantom_ThumbContainer,#FlaGallery_sc1_15 .flagPhantom_LabelBottom .flagPhantom_ThumbLabel {background-color:#ffffff;}#FlaGallery_sc1_15 .flagPhantom_ThumbContainer .flagPhantom_Thumb {opacity:0.9;}#FlaGallery_sc1_15 .flagPhantom_ThumbContainer:hover .flagPhantom_Thumb {opacity:1;}#FlaGallery_sc1_15 .flagPhantom_ThumbContainer {border:1px solid #cccccc;}#FlaGallery_sc1_15 .flagPhantom_ThumbContainer {box-shadow:0 0 5px -2px #cccccc;}#FlaGallery_sc1_15 .flagPhantom_ThumbLabel {color:#0b0b0b;}#FlaGallery_sc1_15 .flagPhantom_ThumbLabel a {color:#3695E7;}#FlaGallery_sc1_15 .flagPhantom_LabelInside .flagPhantom_ThumbLabel,#FlaGallery_sc1_15 .flagPhantom_LabelHover .flagPhantom_ThumbLabel {color:#ffffff;}#FlaGallery_sc1_15 .flagPhantom_LabelInside .flagPhantom_ThumbLabel a,#FlaGallery_sc1_15 .flagPhantom_LabelHover .flagPhantom_ThumbLabel a,#FlaGallery_sc1_15 .flagPhantom_LabelInside .flagPhantom_ThumbLabel a:hover,#FlaGallery_sc1_15 .flagPhantom_LabelHover .flagPhantom_ThumbLabel a:hover {color:#e7e179;}<\/style> <div class=\"flagPhantom_Container noLightbox\" style=\"opacity:0\"> <h3>Saison 2017<\/h3> <div class=\"flagPhantom_thumbsWrapper flagPhantom_ThumbScale flagPhantom_LabelHover\"> <div class=\"flagPhantom_ThumbContainer flagPhantom_ThumbLoader\" data-id=\"441\" data-ratio=\"1.3333333333333\" data-title=\"\" data-views=\"19\" data-likes=\"0\"> <a href=\"https:\/\/www.lesmilleherons.fr\/wp-content\/flagallery\/saison-2017\/webview\/2018-12-29_212215.JPG\" class=\"flagPhantom_Thumb\"><img decoding=\"async\" class=\"noLazy\" src=\"https:\/\/www.lesmilleherons.fr\/wp-content\/flagallery\/saison-2017\/thumbs\/thumbs_2018-12-29_212215.JPG\" data-src=\"https:\/\/www.lesmilleherons.fr\/wp-content\/flagallery\/saison-2017\/webview\/2018-12-29_212215.JPG\" alt=\"\"\/><\/a> <div class=\"flagPhantom_ThumbLabel\"> <span class=\"flagPhantom_ThumbLabel_title\"><\/span><\/div> <div style=\"display:none;\" class=\"flagPhantom_Details\"> <\/div> <\/div> <div class=\"flagPhantom_ThumbContainer flagPhantom_ThumbLoader\" data-id=\"442\" data-ratio=\"1.3333333333333\" data-title=\"\" data-views=\"16\" data-likes=\"0\"> <a href=\"https:\/\/www.lesmilleherons.fr\/wp-content\/flagallery\/saison-2017\/webview\/1.JPG\" class=\"flagPhantom_Thumb\"><img decoding=\"async\" class=\"noLazy\" src=\"https:\/\/www.lesmilleherons.fr\/wp-content\/flagallery\/saison-2017\/thumbs\/thumbs_1.JPG\" data-src=\"https:\/\/www.lesmilleherons.fr\/wp-content\/flagallery\/saison-2017\/webview\/1.JPG\" alt=\"\"\/><\/a> <div class=\"flagPhantom_ThumbLabel\"> <span class=\"flagPhantom_ThumbLabel_title\"><\/span><\/div> <div style=\"display:none;\" class=\"flagPhantom_Details\"> <\/div> <\/div> <div class=\"flagPhantom_ThumbContainer flagPhantom_ThumbLoader\" data-id=\"443\" data-ratio=\"1.3333333333333\" data-title=\"\" data-views=\"12\" data-likes=\"0\"> <a href=\"https:\/\/www.lesmilleherons.fr\/wp-content\/flagallery\/saison-2017\/webview\/2.JPG\" class=\"flagPhantom_Thumb\"><img decoding=\"async\" class=\"noLazy\" src=\"https:\/\/www.lesmilleherons.fr\/wp-content\/flagallery\/saison-2017\/thumbs\/thumbs_2.JPG\" data-src=\"https:\/\/www.lesmilleherons.fr\/wp-content\/flagallery\/saison-2017\/webview\/2.JPG\" alt=\"\"\/><\/a> <div class=\"flagPhantom_ThumbLabel\"> <span class=\"flagPhantom_ThumbLabel_title\"><\/span><\/div> <div style=\"display:none;\" class=\"flagPhantom_Details\"> <\/div> <\/div> <div class=\"flagPhantom_ThumbContainer flagPhantom_ThumbLoader\" data-id=\"444\" data-ratio=\"1.3333333333333\" data-title=\"\" data-views=\"11\" data-likes=\"0\"> <a href=\"https:\/\/www.lesmilleherons.fr\/wp-content\/flagallery\/saison-2017\/webview\/3.JPG\" class=\"flagPhantom_Thumb\"><img decoding=\"async\" class=\"noLazy\" src=\"https:\/\/www.lesmilleherons.fr\/wp-content\/flagallery\/saison-2017\/thumbs\/thumbs_3.JPG\" data-src=\"https:\/\/www.lesmilleherons.fr\/wp-content\/flagallery\/saison-2017\/webview\/3.JPG\" alt=\"\"\/><\/a> <div class=\"flagPhantom_ThumbLabel\"> <span class=\"flagPhantom_ThumbLabel_title\"><\/span><\/div> <div style=\"display:none;\" class=\"flagPhantom_Details\"> <\/div> <\/div> <div class=\"flagPhantom_ThumbContainer flagPhantom_ThumbLoader\" data-id=\"445\" data-ratio=\"1.3333333333333\" data-title=\"\" data-views=\"19\" data-likes=\"0\"> <a href=\"https:\/\/www.lesmilleherons.fr\/wp-content\/flagallery\/saison-2017\/webview\/4.JPG\" class=\"flagPhantom_Thumb\"><img decoding=\"async\" class=\"noLazy\" src=\"https:\/\/www.lesmilleherons.fr\/wp-content\/flagallery\/saison-2017\/thumbs\/thumbs_4.JPG\" data-src=\"https:\/\/www.lesmilleherons.fr\/wp-content\/flagallery\/saison-2017\/webview\/4.JPG\" alt=\"\"\/><\/a> <div class=\"flagPhantom_ThumbLabel\"> <span class=\"flagPhantom_ThumbLabel_title\"><\/span><\/div> <div style=\"display:none;\" class=\"flagPhantom_Details\"> <\/div> <\/div> <div class=\"flagPhantom_ThumbContainer flagPhantom_ThumbLoader\" data-id=\"446\" data-ratio=\"1.3333333333333\" data-title=\"\" data-views=\"18\" data-likes=\"0\"> <a href=\"https:\/\/www.lesmilleherons.fr\/wp-content\/flagallery\/saison-2017\/webview\/dsc00966-copier.JPG\" class=\"flagPhantom_Thumb\"><img decoding=\"async\" class=\"noLazy\" src=\"https:\/\/www.lesmilleherons.fr\/wp-content\/flagallery\/saison-2017\/thumbs\/thumbs_dsc00966-copier.JPG\" data-src=\"https:\/\/www.lesmilleherons.fr\/wp-content\/flagallery\/saison-2017\/webview\/dsc00966-copier.JPG\" alt=\"\"\/><\/a> <div class=\"flagPhantom_ThumbLabel\"> <span class=\"flagPhantom_ThumbLabel_title\"><\/span><\/div> <div style=\"display:none;\" class=\"flagPhantom_Details\"> <\/div> <\/div> <div class=\"flagPhantom_ThumbContainer flagPhantom_ThumbLoader\" data-id=\"447\" data-ratio=\"1.3333333333333\" data-title=\"\" data-views=\"14\" data-likes=\"0\"> <a href=\"https:\/\/www.lesmilleherons.fr\/wp-content\/flagallery\/saison-2017\/webview\/dsc01012-copier.JPG\" class=\"flagPhantom_Thumb\"><img decoding=\"async\" class=\"noLazy\" src=\"https:\/\/www.lesmilleherons.fr\/wp-content\/flagallery\/saison-2017\/thumbs\/thumbs_dsc01012-copier.JPG\" data-src=\"https:\/\/www.lesmilleherons.fr\/wp-content\/flagallery\/saison-2017\/webview\/dsc01012-copier.JPG\" alt=\"\"\/><\/a> <div class=\"flagPhantom_ThumbLabel\"> <span class=\"flagPhantom_ThumbLabel_title\"><\/span><\/div> <div style=\"display:none;\" class=\"flagPhantom_Details\"> <\/div> <\/div> <div class=\"flagPhantom_ThumbContainer flagPhantom_ThumbLoader\" data-id=\"448\" data-ratio=\"1.3333333333333\" data-title=\"\" data-views=\"9\" data-likes=\"0\"> <a href=\"https:\/\/www.lesmilleherons.fr\/wp-content\/flagallery\/saison-2017\/webview\/dsc01095-copier.JPG\" class=\"flagPhantom_Thumb\"><img decoding=\"async\" class=\"noLazy\" src=\"https:\/\/www.lesmilleherons.fr\/wp-content\/flagallery\/saison-2017\/thumbs\/thumbs_dsc01095-copier.JPG\" data-src=\"https:\/\/www.lesmilleherons.fr\/wp-content\/flagallery\/saison-2017\/webview\/dsc01095-copier.JPG\" alt=\"\"\/><\/a> <div class=\"flagPhantom_ThumbLabel\"> <span class=\"flagPhantom_ThumbLabel_title\"><\/span><\/div> <div style=\"display:none;\" class=\"flagPhantom_Details\"> <\/div> <\/div> <div class=\"flagPhantom_ThumbContainer flagPhantom_ThumbLoader\" data-id=\"449\" data-ratio=\"1.3333333333333\" data-title=\"\" data-views=\"11\" data-likes=\"0\"> <a href=\"https:\/\/www.lesmilleherons.fr\/wp-content\/flagallery\/saison-2017\/webview\/dsc01111-copier.JPG\" class=\"flagPhantom_Thumb\"><img decoding=\"async\" class=\"noLazy\" src=\"https:\/\/www.lesmilleherons.fr\/wp-content\/flagallery\/saison-2017\/thumbs\/thumbs_dsc01111-copier.JPG\" data-src=\"https:\/\/www.lesmilleherons.fr\/wp-content\/flagallery\/saison-2017\/webview\/dsc01111-copier.JPG\" alt=\"\"\/><\/a> <div class=\"flagPhantom_ThumbLabel\"> <span class=\"flagPhantom_ThumbLabel_title\"><\/span><\/div> <div style=\"display:none;\" class=\"flagPhantom_Details\"> <\/div> <\/div> <div class=\"flagPhantom_ThumbContainer flagPhantom_ThumbLoader\" data-id=\"450\" data-ratio=\"1.3333333333333\" data-title=\"\" data-views=\"15\" data-likes=\"0\"> <a href=\"https:\/\/www.lesmilleherons.fr\/wp-content\/flagallery\/saison-2017\/webview\/dsc01113-copier.JPG\" class=\"flagPhantom_Thumb\"><img decoding=\"async\" class=\"noLazy\" src=\"https:\/\/www.lesmilleherons.fr\/wp-content\/flagallery\/saison-2017\/thumbs\/thumbs_dsc01113-copier.JPG\" data-src=\"https:\/\/www.lesmilleherons.fr\/wp-content\/flagallery\/saison-2017\/webview\/dsc01113-copier.JPG\" alt=\"\"\/><\/a> <div class=\"flagPhantom_ThumbLabel\"> <span class=\"flagPhantom_ThumbLabel_title\"><\/span><\/div> <div style=\"display:none;\" class=\"flagPhantom_Details\"> <\/div> <\/div> <div class=\"flagPhantom_ThumbContainer flagPhantom_ThumbLoader\" data-id=\"451\" data-ratio=\"1.3333333333333\" data-title=\"\" data-views=\"18\" data-likes=\"0\"> <a href=\"https:\/\/www.lesmilleherons.fr\/wp-content\/flagallery\/saison-2017\/webview\/dsc01365-copier.JPG\" class=\"flagPhantom_Thumb\"><img decoding=\"async\" class=\"noLazy\" src=\"https:\/\/www.lesmilleherons.fr\/wp-content\/flagallery\/saison-2017\/thumbs\/thumbs_dsc01365-copier.JPG\" data-src=\"https:\/\/www.lesmilleherons.fr\/wp-content\/flagallery\/saison-2017\/webview\/dsc01365-copier.JPG\" alt=\"\"\/><\/a> <div class=\"flagPhantom_ThumbLabel\"> <span class=\"flagPhantom_ThumbLabel_title\"><\/span><\/div> <div style=\"display:none;\" class=\"flagPhantom_Details\"> <\/div> <\/div> <div class=\"flagPhantom_ThumbContainer flagPhantom_ThumbLoader\" data-id=\"452\" data-ratio=\"1.58984375\" data-title=\"\" data-views=\"15\" data-likes=\"0\"> <a href=\"https:\/\/www.lesmilleherons.fr\/wp-content\/flagallery\/saison-2017\/webview\/dsc02066.JPG\" class=\"flagPhantom_Thumb\"><img decoding=\"async\" class=\"noLazy\" src=\"https:\/\/www.lesmilleherons.fr\/wp-content\/flagallery\/saison-2017\/thumbs\/thumbs_dsc02066.JPG\" data-src=\"https:\/\/www.lesmilleherons.fr\/wp-content\/flagallery\/saison-2017\/webview\/dsc02066.JPG\" alt=\"\"\/><\/a> <div class=\"flagPhantom_ThumbLabel\"> <span class=\"flagPhantom_ThumbLabel_title\"><\/span><\/div> <div style=\"display:none;\" class=\"flagPhantom_Details\"> <\/div> <\/div> <div class=\"flagPhantom_ThumbContainer flagPhantom_ThumbLoader\" data-id=\"453\" data-ratio=\"1.35546875\" data-title=\"\" data-views=\"24\" data-likes=\"0\"> <a href=\"https:\/\/www.lesmilleherons.fr\/wp-content\/flagallery\/saison-2017\/webview\/dsc02067.JPG\" class=\"flagPhantom_Thumb\"><img decoding=\"async\" class=\"noLazy\" src=\"https:\/\/www.lesmilleherons.fr\/wp-content\/flagallery\/saison-2017\/thumbs\/thumbs_dsc02067.JPG\" data-src=\"https:\/\/www.lesmilleherons.fr\/wp-content\/flagallery\/saison-2017\/webview\/dsc02067.JPG\" alt=\"\"\/><\/a> <div class=\"flagPhantom_ThumbLabel\"> <span class=\"flagPhantom_ThumbLabel_title\"><\/span><\/div> <div style=\"display:none;\" class=\"flagPhantom_Details\"> <\/div> <\/div> <\/div> <\/div> <script type=\"text\/javascript\"> jQuery(function(){ var settings = {\"maxheight\":\"0\",\"thumbCols\":\"0\",\"thumbRows\":\"0\",\"thumbsNavigation\":\"scroll\",\"bgColor\":\"#ffffff\",\"bgAlpha\":\"0\",\"thumbWidth\":\"200\",\"thumbHeight\":\"180\",\"thumbWidthMobile\":\"150\",\"thumbHeightMobile\":\"135\",\"thumbsSpacing\":\"8\",\"thumbsVerticalPadding\":\"4\",\"thumbsHorizontalPadding\":\"4\",\"thumbsAlign\":\"center\",\"thumbScale\":\"1\",\"thumbBG\":\"#ffffff\",\"thumbAlpha\":\"90\",\"thumbAlphaHover\":\"100\",\"thumbBorderSize\":\"1\",\"thumbBorderColor\":\"#cccccc\",\"thumbPadding\":\"2\",\"thumbsInfo\":\"label\",\"labelOnHover\":\"1\",\"labelTextColor\":\"#ffffff\",\"labelLinkColor\":\"#e7e179\",\"label8TextColor\":\"#0b0b0b\",\"label8LinkColor\":\"#3695E7\",\"tooltipTextColor\":\"#0b0b0b\",\"tooltipBgColor\":\"#ffffff\",\"tooltipStrokeColor\":\"#000000\",\"lightboxControlsColor\":\"#ffffff\",\"lightboxTitleColor\":\"#f3f3f3\",\"lightboxTextColor\":\"#f3f3f3\",\"lightboxBGColor\":\"#0b0b0b\",\"lightboxBGAlpha\":\"80\",\"socialShareEnabled\":\"1\",\"deepLinks\":\"1\",\"sidebarBGColor\":\"#ffffff\",\"lightbox800HideArrows\":\"0\",\"viewsEnabled\":\"1\",\"likesEnabled\":\"1\",\"thumb2link\":\"0\",\"show_title\":\"1\",\"initRPdelay\":\"200\",\"key\":\"\",\"name\":\"\",\"mfp_css\":\"\\r\\n#mfp_gm_sc1_15 .mfp-arrow-right:after,\\r\\n#mfp_gm_sc1_15 .mfp-arrow-right .mfp-a {border-left-color:#ffffff;}\\r\\n#mfp_gm_sc1_15 .mfp-arrow-left:after,\\r\\n#mfp_gm_sc1_15 .mfp-arrow-left .mfp-a {border-right-color:#ffffff;}\\r\\n#mfp_gm_sc1_15 .mfp-close,\\r\\n#mfp_gm_sc1_15 .mfp-likes,\\r\\n#mfp_gm_sc1_15 .mfp-share {color:#ffffff;}\\r\\n#mfp_gm_sc1_15 .mfp-preloader {background-color:#ffffff;}\\r\\n#mfp_gm_sc1_15 .flagPhantom_title,\\r\\n#mfp_gm_sc1_15 .mfp-counter {color:#f3f3f3;}\\r\\n#mfp_gm_sc1_15 .flagPhantom_text {color:#f3f3f3;}\\r\\n#mfp_gm_sc1_15_bg.mfp-bg {background-color:#0b0b0b;}\\r\\n#mfp_gm_sc1_15_bg.mfp-bg {opacity:0.8;}\\r\\n#mfp_gm_sc1_15_bg.mfp-zoom-in.mfp-bg {opacity:0}\\r\\n#mfp_gm_sc1_15_bg.mfp-zoom-in.mfp-ready.mfp-bg {opacity:0.8;}\\r\\n#mfp_gm_sc1_15_bg.mfp-zoom-in.mfp-removing.mfp-bg {opacity:0}\"}; jQuery('#FlaGallery_sc1_15').flagPhantom([settings]); }); <\/script><\/div><noscript id=\"noscript_FlaGallery_sc1_15\"><img class=\"skip-lazy no-lazyload noLazy\" data-lazy-src=\"\" src =\"https:\/\/www.lesmilleherons.fr\/wp-content\/flagallery\/saison-2017\/2018-12-29_212215.JPG\" alt=\"\" \/><img class=\"skip-lazy no-lazyload noLazy\" data-lazy-src=\"\" src =\"https:\/\/www.lesmilleherons.fr\/wp-content\/flagallery\/saison-2017\/1.JPG\" alt=\"\" \/><img class=\"skip-lazy no-lazyload noLazy\" data-lazy-src=\"\" src =\"https:\/\/www.lesmilleherons.fr\/wp-content\/flagallery\/saison-2017\/2.JPG\" alt=\"\" \/><img class=\"skip-lazy no-lazyload noLazy\" data-lazy-src=\"\" src =\"https:\/\/www.lesmilleherons.fr\/wp-content\/flagallery\/saison-2017\/3.JPG\" alt=\"\" \/><img class=\"skip-lazy no-lazyload noLazy\" data-lazy-src=\"\" src =\"https:\/\/www.lesmilleherons.fr\/wp-content\/flagallery\/saison-2017\/4.JPG\" alt=\"\" \/><img class=\"skip-lazy no-lazyload noLazy\" data-lazy-src=\"\" src =\"https:\/\/www.lesmilleherons.fr\/wp-content\/flagallery\/saison-2017\/dsc00966-copier.JPG\" alt=\"\" \/><img class=\"skip-lazy no-lazyload noLazy\" data-lazy-src=\"\" src =\"https:\/\/www.lesmilleherons.fr\/wp-content\/flagallery\/saison-2017\/dsc01012-copier.JPG\" alt=\"\" \/><img class=\"skip-lazy no-lazyload noLazy\" data-lazy-src=\"\" src =\"https:\/\/www.lesmilleherons.fr\/wp-content\/flagallery\/saison-2017\/dsc01095-copier.JPG\" alt=\"\" \/><img class=\"skip-lazy no-lazyload noLazy\" data-lazy-src=\"\" src =\"https:\/\/www.lesmilleherons.fr\/wp-content\/flagallery\/saison-2017\/dsc01111-copier.JPG\" alt=\"\" \/><img class=\"skip-lazy no-lazyload noLazy\" data-lazy-src=\"\" src =\"https:\/\/www.lesmilleherons.fr\/wp-content\/flagallery\/saison-2017\/dsc01113-copier.JPG\" alt=\"\" \/><img class=\"skip-lazy no-lazyload noLazy\" data-lazy-src=\"\" src =\"https:\/\/www.lesmilleherons.fr\/wp-content\/flagallery\/saison-2017\/dsc01365-copier.JPG\" alt=\"\" \/><img class=\"skip-lazy no-lazyload noLazy\" data-lazy-src=\"\" src =\"https:\/\/www.lesmilleherons.fr\/wp-content\/flagallery\/saison-2017\/dsc02066.JPG\" alt=\"\" \/><img class=\"skip-lazy no-lazyload noLazy\" data-lazy-src=\"\" src =\"https:\/\/www.lesmilleherons.fr\/wp-content\/flagallery\/saison-2017\/dsc02067.JPG\" alt=\"\" \/><\/noscript> <\/p>\n","protected":false},"excerpt":{"rendered":"<p>En 2017, les jeunes ont jou\u00e9 Des parisiens et des poules, une pi\u00e8ce de J\u00e9r\u00f4me Dubois. Les adultes ont quant \u00e0 eux jou\u00e9 Y&rsquo;a pas de m\u00e2le \u00e0 \u00e7a ! , une pi\u00e8ce de Jean-Claude Martineau en 5 actes.<\/p>\n","protected":false},"author":3,"featured_media":0,"parent":9,"menu_order":0,"comment_status":"closed","ping_status":"closed","template":"","meta":{"footnotes":""},"class_list":["post-1465","page","type-page","status-publish","hentry"],"featured_image_src":"","featured_image_src_square":false,"rbea_author_info":{"display_name":"Les Mille H\u00e9rons","author_link":"https:\/\/www.lesmilleherons.fr\/?author=3"},"rbea_excerpt_info":"En 2017, les jeunes ont jou\u00e9 Des parisiens et des poules, une pi\u00e8ce de J\u00e9r\u00f4me Dubois. Les adultes ont quant \u00e0 eux jou\u00e9 Y&rsquo;a pas de m\u00e2le \u00e0 \u00e7a ! , une pi\u00e8ce de Jean-Claude Martineau en 5 actes.","_links":{"self":[{"href":"https:\/\/www.lesmilleherons.fr\/index.php?rest_route=\/wp\/v2\/pages\/1465","targetHints":{"allow":["GET"]}}],"collection":[{"href":"https:\/\/www.lesmilleherons.fr\/index.php?rest_route=\/wp\/v2\/pages"}],"about":[{"href":"https:\/\/www.lesmilleherons.fr\/index.php?rest_route=\/wp\/v2\/types\/page"}],"author":[{"embeddable":true,"href":"https:\/\/www.lesmilleherons.fr\/index.php?rest_route=\/wp\/v2\/users\/3"}],"replies":[{"embeddable":true,"href":"https:\/\/www.lesmilleherons.fr\/index.php?rest_route=%2Fwp%2Fv2%2Fcomments&post=1465"}],"version-history":[{"count":3,"href":"https:\/\/www.lesmilleherons.fr\/index.php?rest_route=\/wp\/v2\/pages\/1465\/revisions"}],"predecessor-version":[{"id":1493,"href":"https:\/\/www.lesmilleherons.fr\/index.php?rest_route=\/wp\/v2\/pages\/1465\/revisions\/1493"}],"up":[{"embeddable":true,"href":"https:\/\/www.lesmilleherons.fr\/index.php?rest_route=\/wp\/v2\/pages\/9"}],"wp:attachment":[{"href":"https:\/\/www.lesmilleherons.fr\/index.php?rest_route=%2Fwp%2Fv2%2Fmedia&parent=1465"}],"curies":[{"name":"wp","href":"https:\/\/api.w.org\/{rel}","templated":true}]}}