{"id":1082,"date":"2011-12-30T13:45:24","date_gmt":"2011-12-30T13:45:24","guid":{"rendered":"http:\/\/www.lesmilleherons.fr\/?page_id=1082"},"modified":"2024-03-27T10:52:02","modified_gmt":"2024-03-27T10:52:02","slug":"archives-2","status":"publish","type":"page","link":"https:\/\/www.lesmilleherons.fr\/?page_id=1082","title":{"rendered":"Archives"},"content":{"rendered":"<p>Vous trouverez ici une liste non exhaustive des diff\u00e9rentes pi\u00e8ces de th\u00e9\u00e2tre jou\u00e9es par la troupe des Mille H\u00e9rons :<\/p>\n\n\n<div class=\"wp-block-columns is-layout-flex wp-container-core-columns-is-layout-9d6595d7 wp-block-columns-is-layout-flex\">\n<div class=\"wp-block-column is-layout-flow wp-block-column-is-layout-flow\" style=\"flex-basis:120%\">\n<figure class=\"wp-block-table alignleft is-style-regular\"><table><tbody><tr><td><em><strong>Ann\u00e9es<\/strong><\/em><br><\/td><td><strong> PI\u00c8CES DES JEUNES<\/strong> <br><\/td><td>&nbsp;&nbsp; <strong>PI\u00c8CES DES ADULTES  <\/strong><\/td><\/tr><tr><td>2024<\/td><td><em>Chef au top<\/em> de Pascal MARTIN<br><em>Qui a tu\u00e9 la comtesse Mac Allan ?<\/em> de G\u00e9raldine MENUET<\/td><td><em>Amour &amp; chevrotines<\/em> de Christian ROSSIGNOL<\/td><\/tr><tr><td>2023<\/td><td><em>Lettre d&rsquo;amour<br>En voiture<br>Au caf\u00e9 des Copains<\/em><br>de Olivier Tourancheau<\/td><td><em>Le Diable au Cor<\/em> de Christian Rossignol<\/td><\/tr><tr><td>2022<\/td><td><em>Du coq au vin <\/em>de Jean Marie CAUET<br><em>Et si on parlait un peu des homme<\/em>s de J\u00e9r\u00f4me DUBOIS<\/td><td><em>P\u00e9tard \u00e7a D\u00e9m\u00e9nage<\/em> de Claude SCHMITT<\/td><\/tr><tr><td>2020<\/td><td><em>Bienvenue au mus\u00e9e au vernissage<\/em> de Johann CORBARD<br><em>Demain c\u2019est pas gagn\u00e9<\/em> de Lionel De MESSEY<\/td><td><em>Vacances de r\u00eave<\/em> de Francis JOFFO<\/td><\/tr><tr><td>2019<\/td><td><em>L&rsquo;enfant au moineau<\/em> de PEF<br><em>L&rsquo; affaire L\u00e9opold d<\/em>&lsquo;Eric Sautonie&nbsp; &nbsp; <\/td><td><em>Panique au Plazza<\/em> de Ray Cooney<br><\/td><\/tr><tr><td>2018<\/td><td><em>On a tir\u00e9 sur le lapin<\/em> de Fran\u00e7oise Fontaine<br><em>Le Roi des Vendeurs<\/em> de Jacqueline Robert <\/td><td><em>Au Bal Masqu\u00e9 ! Ol\u00e9 ! Ol\u00e9 !<\/em> de Christian Rossignol <\/td><\/tr><tr><td>2017<\/td><td><em>Des Parisiens et des Poules<\/em> de J\u00e9r\u00f4me Dubois  <\/td><td><em>Y&rsquo;a Pas de M\u00e2le \u00e0 \u00c7\u00e0 !<\/em> de Jean-Claude Martineau <\/td><\/tr><tr><td>2016<\/td><td><em>En route pour la Sologne<\/em> de Jo Baron <\/td><td><em>Chat et Souris<\/em> de Ray Cooney <\/td><\/tr><tr><td>2015<\/td><td><em>Le Kidnapping<\/em> de Mich\u00e8le Le Bas  <\/td><td><em>Colonel Betty<\/em> de Christian Rossignol <\/td><\/tr><tr><td>2014<\/td><td><em>Bonnes Vacances<\/em> de Francis Poulet <\/td><td><em>T&#8217;emballes pas !<\/em> de Christian Rossignol <\/td><\/tr><tr><td>2013<\/td><td><em>Une surdou\u00e9e chez les cancres<\/em> de F.Poulet <\/td><td><em>Midi dernier d\u00e9lai<\/em> de Jean-Claude Martineau <\/td><\/tr><tr><td>2012<\/td><td><em>\u00c7a Plisse au Pays des Vermeils<\/em> de Jaunas <\/td><td><em>L&rsquo;infortun\u00e9 Mr Victor<\/em> de Jo Baron <\/td><\/tr><tr><td>2011<\/td><td><em>L\u2019Acad\u00e9mie des sous-dou\u00e9s<\/em> de LAROSE <\/td><td><em>Pilote de guigne<\/em> de Patrick Stephan <\/td><\/tr><tr><td>2010<\/td><td><em>Le Boyau de la rigolade<\/em> de Francis Poulet <\/td><td><em>L\u2019Au-del\u00e0 de Ludo<\/em> de Thierry Fran\u00e7ois <\/td><\/tr><tr><td>2009<\/td><td><em>C\u2019est pas permis<\/em> de Michel Besson&nbsp;&nbsp; <\/td><td><em>D\u00e9lit de Fuite<\/em> de Jean-Claude Islert <\/td><\/tr><tr><td>2008<\/td><td><em>La Nuit de Trepaloup<\/em> de J-M Besson&nbsp; <\/td><td><em>Une erreur quelque-part<\/em> de Pierre Louki <\/td><\/tr><tr><td>2007<\/td><td><em>Quand te tues-tu Tonton&nbsp;?<\/em> de Hespel-Vandewalle <\/td><td><em>Coquin de Sort<\/em> de Andr\u00e9e Robin-Ligot <\/td><\/tr><tr><td>2006<\/td><td><em>Fugue en Duo Majeur<\/em> de F.Poulet <\/td><td><em>Monsieur Am\u00e9d\u00e9e<\/em> de Alain Reynaud-Fouton <\/td><\/tr><tr><td>2005<\/td><td><em>Au diable les varices<\/em> de F. Poulet et J. Thareau&nbsp; <\/td><td><em>Maman, Y\u2019a papa qui bouge encore<\/em> de R. Bruneau <\/td><\/tr><tr><td>2004<\/td><td><em>Syst\u00e8me D de B.Suzanne et F\u00e9lix<\/em> <\/td><td><em>Tout Bascule de Olivier Lejeune<\/em> <\/td><\/tr><tr><td>2003<\/td><td><em>L\u2019horoscope du jour<\/em> <\/td><td><em>Ma femme est folle de Jean Barbier<\/em> <\/td><\/tr><tr><td>2002<\/td><td><em>Bonnes Vacances de&nbsp;F. Poulet et J. Thareau<\/em> <\/td><td><em>Esp\u00e8ces Menac\u00e9es de Ray Cooney<\/em> <\/td><\/tr><tr><td>2001<\/td><td><em>La machine \u00e0 Rajeunir de Jean Navarre &nbsp;<\/em> <\/td><td><em>Soeur Anne, je vous vois venir de M.Louise Hespel <\/em> <\/td><\/tr><tr><td>2000<\/td><td><em>Les Parasites sont parmi nous de Yvon Taburet<\/em> <\/td><td><em>Pyjama pour Six de Marc Camoletti<\/em> <\/td><\/tr><tr><td>1999<\/td><td><em>La M\u00e8re Luche de F. Poulet<\/em><br><em>Une dr\u00f4le de Conf\u00e9rence de P Ferrary et L Reygnier<\/em> <\/td><td><em>Un Ami Impr\u00e9vu de Robert Thomas<\/em> <\/td><\/tr><tr><td>1998<\/td><td><em>Une Cure de tout repos de Alain Danif <\/em> <\/td><td><em>Le Congr\u00e8s de la Mar\u00e9chauss\u00e9 de Jean de Marchenelles &nbsp;&nbsp;&nbsp;<\/em> <\/td><\/tr><tr><td>1997<\/td><td><em>Casting de Lionel Messey<\/em> <\/td><td><em>Bonsoir Madame Pinson de Arthur Lovegrove&nbsp;<\/em> <\/td><\/tr><tr><td>1996<\/td><td><em>La Vente aux Ench\u00e8res de P. Granger<\/em> <\/td><td><em> Bichon de Jean de Letraz<\/em> <\/td><\/tr><tr><td>1995<\/td><td><em>Dr\u00f4le de Man\u00e8ge de Francis Poulet <\/em><\/td><td><em>Feu Monsieur de Marcy de Max Regnier et Raymond Vinci<\/em> <\/td><\/tr><tr><td>1994<\/td><td><em>Coquette Chambre \u00e0 Louer de Paul-Jacques Bonzon<\/em> <\/td><td><em>Que Justice soit faite de P. Thareau<\/em> <\/td><\/tr><tr><td>1993<\/td><td><em>Une Le\u00e7on S\u00e8che de J-M Besson et J.Thareau<\/em> <\/td><td><em>Y&rsquo;a pas qu&rsquo;a P\u00e2ques qu&rsquo;il y a des Cloches de F.Poulet <\/em>  <br><em>La Soupi\u00e8re de Robert Lamoureux&nbsp; &nbsp;&nbsp; &nbsp;&nbsp;&nbsp;&nbsp;&nbsp;&nbsp;&nbsp;&nbsp;&nbsp;&nbsp;&nbsp;&nbsp;&nbsp;&nbsp;&nbsp;&nbsp;&nbsp;&nbsp;&nbsp;&nbsp;&nbsp;&nbsp;&nbsp;&nbsp;&nbsp;&nbsp;&nbsp;&nbsp;&nbsp;&nbsp; <\/em><\/td><\/tr><tr><td>1992<\/td><td><em>A Propos de Patte de E.J Sorson <\/em><\/td><td><em>La Bonne Planque de Michel Andre <\/em><\/td><\/tr><tr><td>1991<\/td><td><em>Bonnes Vacances de F. Poulet et J.Thareau <\/em><\/td><td><em>Dites le avec des Flirts de Marie-Louise et Marie Charlotte Hespel <\/em><\/td><\/tr><tr><td>1990<\/td><td><br><\/td><td><em>La Monnaie du Pape <\/em> <\/td><\/tr><tr><td>1989<\/td><td><em>Au Clerc de L&rsquo;Urne de Jean Michel Besson <\/em><\/td><td><em>Le Pain du Coeur de PierreDumaine et Andr\u00e9 de la Tourasse<\/em><\/td><\/tr><tr><td>1988<\/td><td><em>On R\u00e9pare la Marquise de Pierre Blank et Jean de Marchenelles<\/em><\/td><td><em>J&rsquo;y suis J&rsquo;y reste de Raymond Vinci et Jean Valmy<\/em><\/td><\/tr><tr><td>1987<\/td><td><br><\/td><td><em>La Marraine de Charley de Maurice Ordonneau et Brandon Thomas<\/em><\/td><\/tr><tr><td>1986<\/td><td><\/td><td><em>Eug\u00e9nie Chef de Gare <br>Le Ma\u00eetre de Baumettes de Edmond Luc<\/em><\/td><\/tr><tr><td>1985<\/td><td><\/td><td><em>On attend l&rsquo;inspecteur de Marcel Dubois et Jean de Marchenelles<\/em><\/td><\/tr><tr><td>1984<\/td><td><\/td><td><em>Mariage \u00e0 mi-temps de Dominique Morelle<\/em><\/td><\/tr><tr><td>1983<\/td><td><\/td><td><em>Rendez-vous sur le Banc de Raymond Souplex et J. de Marchenelles<\/em><\/td><\/tr><tr><td>1982<\/td><td><\/td><td><em>La Poudre aux Yeux  de Eug\u00e8ne Labiche<\/em><\/td><\/tr><tr><td>1981<\/td><td><\/td><td><em>En Plein C\u0153ur<br>Le Doyen des Enfants de C\u0153ur<\/em><\/td><\/tr><tr><td>1980<\/td><td><\/td><td><em>Op\u00e9ration Biberon de Pierre Thareau <\/em><\/td><\/tr><tr><td>1979<\/td><td><\/td><td><em>Bonsoir Madame Pinson de Arthur Lovegrove <\/em><\/td><\/tr><tr><td>1978<\/td><td><\/td><td><em>La Bonne fait du Sport <br>Et ta Soeur de Jean de Marchenelles et  F. Laurent<\/em><\/td><\/tr><tr><td>1977<\/td><td><\/td><td><em>Le Testament du Fakir de Georges-Ren\u00e9 Villaine<\/em><\/td><\/tr><tr><td>1976<\/td><td><\/td><td><em>Trois Soeur \u00e0 Marier <\/em><\/td><\/tr><tr><td>1975<\/td><td><\/td><td><em>Enlevez ma Femme de Jean de Marchenelles<\/em><\/td><\/tr><tr><td>1974<\/td><td><\/td><td><em>L&rsquo;Ange qu&rsquo;on la donn\u00e9<\/em><\/td><\/tr><tr><td>1973<\/td><td><\/td><td><em>Attendez-moi Ch\u00e9rie de Jean de Marchenelles<\/em><\/td><\/tr><tr><td>1972<\/td><td><\/td><td><em>Les Chouettes Parents de Andr\u00e9 Haguet et Pierre Thareau<\/em><\/td><\/tr><tr><td>1971<\/td><td><\/td><td><em>Crime \u00e0 L&rsquo;Ermitage de Pierre Thareau<\/em><\/td><\/tr><tr><td>1970<\/td><td><\/td><td><em>La Folie des Grandeurs<\/em><\/td><\/tr><tr><td>1969<\/td><td><\/td><td><em>On Demande un M\u00e9nage de Jean de Letraz<\/em><\/td><\/tr><tr><td>1968<\/td><td><\/td><td><em>Terre de Feu <\/em><\/td><\/tr><tr><td>1967<\/td><td><\/td><td><em>L&rsquo;Ombre au Tableau<\/em><\/td><\/tr><tr><td>1966<\/td><td><\/td><td><em>Le Doyen des Enfants de Choeurs de M.Lery et Guy d&rsquo;Abzac                                  Embrassons nous Folleville de Eug\u00e8ne Labiche et Auguste Franc<\/em><\/td><\/tr><tr><td>1965<\/td><td><\/td><td><em>L&rsquo;Or sous la Cendre <\/em><\/td><\/tr><tr><td>1964<\/td><td><\/td><td><em>La Poudre aux yeux de Eug\u00e8ne Labiche <br><br>Le Pain du Coeur de Pierre Dumaine et A. de la Tourasse<\/em><\/td><\/tr><tr><td>1963<\/td><td><\/td><td><em>La nuit sera br\u00e8ve de Andr\u00e9 de la Tourasse<br>Les Boulingrin de Georges Courtelin<\/em><\/td><\/tr><tr><td>1962<\/td><td><\/td><td><em>La Cagnotte de Eug\u00e8ne Labiche<\/em><\/td><\/tr><tr><td>1961<\/td><td><\/td><td><em>Les deux timides de Eug\u00e8ne Labiche<br>La nuit merveilleuse de Charles Dikens<\/em><\/td><\/tr><tr><td>1960<\/td><td><\/td><td><em>Ceux qui rach\u00e8tent<\/em><\/td><\/tr><tr><td>1959<\/td><td><\/td><td><em>Les aventures de Gilles<\/em><\/td><\/tr><tr><td>1958<\/td><td><\/td><td><em>Bernadette devant Marie de Henri Gheon<\/em><\/td><\/tr><tr><td>1957<\/td><td><\/td><td><em>Le grillon du foyer de Charles Dikens<br>L&rsquo;Ane et les trois comm\u00e8res de Th\u00e9r\u00e8se Longin<\/em><\/td><\/tr><tr><td>1956<\/td><td><\/td><td><em>Le voyage de Mr Perrichon de Eug\u00e8ne Labiche et Edouard Martin<\/em><\/td><\/tr><tr><td>1955<\/td><td><\/td><td><em>Comment j&rsquo;ai tu\u00e9 mon enfant de Pierre L&rsquo;Ermite <br>Madame Mathusalem de Ren\u00e9 Bastien et Jacques Dalbret <\/em><\/td><\/tr><tr><td>1954<\/td><td><\/td><td><em>Six filles sous l&rsquo;orage de Ren\u00e9 Bastien et Jacques Dalbret <br>La Camarade S\u0153ur V\u00e9ronique de Claude Falaise <\/em><\/td><\/tr><tr><td>1953<\/td><td><\/td><td><em>La petite fille qui vendit son c\u0153ur de Paula Hoesl<\/em><\/td><\/tr><tr><td>1952<\/td><td><\/td><td><em>Une heure avant l&rsquo;aube<\/em><\/td><\/tr><tr><td>1951<\/td><td><\/td><td><em>Chanteuse de Rue<br>Ramanaya<\/em><\/td><\/tr><tr><td>1950<\/td><td><\/td><td><em>Le grillon du Foyer  de Charles Dikens<\/em><\/td><\/tr><tr><td>1949<\/td><td><\/td><td><em>La berg\u00e8re au pays des loups de Henri Gheon<\/em><\/td><\/tr><tr><td>1948<\/td><td><\/td><td><em>D\u00e9livrance <\/em><\/td><\/tr><tr><td>1947<\/td><td><\/td><td><em>Le petit Poucet de Henri Gheon <\/em><\/td><\/tr><\/tbody><\/table><\/figure>\n<\/div>\n<\/div>\n\n\n\n<p><\/p>\n\n\n\n<p><\/p>\n\n\n\n<p><\/p>\n","protected":false},"excerpt":{"rendered":"<p>Vous trouverez ici une liste non exhaustive des diff\u00e9rentes pi\u00e8ces de th\u00e9\u00e2tre jou\u00e9es par la troupe des Mille H\u00e9rons : Ann\u00e9es PI\u00c8CES DES JEUNES &nbsp;&nbsp; PI\u00c8CES DES ADULTES 2024 Chef au top de Pascal MARTINQui a tu\u00e9 la comtesse Mac Allan ? de G\u00e9raldine MENUET Amour &amp; chevrotines de Christian ROSSIGNOL 2023 Lettre d&rsquo;amourEn voitureAu [&hellip;]<\/p>\n","protected":false},"author":3,"featured_media":0,"parent":0,"menu_order":0,"comment_status":"open","ping_status":"open","template":"","meta":{"footnotes":""},"class_list":["post-1082","page","type-page","status-publish","hentry"],"featured_image_src":"","featured_image_src_square":false,"rbea_author_info":{"display_name":"Les Mille H\u00e9rons","author_link":"https:\/\/www.lesmilleherons.fr\/?author=3"},"rbea_excerpt_info":"Vous trouverez ici une liste non exhaustive des diff\u00e9rentes pi\u00e8ces de th\u00e9\u00e2tre jou\u00e9es par la troupe des Mille H\u00e9rons : Ann\u00e9es PI\u00c8CES DES JEUNES &nbsp;&nbsp; PI\u00c8CES DES ADULTES 2024 Chef au top de Pascal MARTINQui a tu\u00e9 la comtesse Mac Allan ? de G\u00e9raldine MENUET Amour &amp; chevrotines de Christian ROSSIGNOL 2023 Lettre d&rsquo;amourEn voitureAu [&hellip;]","_links":{"self":[{"href":"https:\/\/www.lesmilleherons.fr\/index.php?rest_route=\/wp\/v2\/pages\/1082","targetHints":{"allow":["GET"]}}],"collection":[{"href":"https:\/\/www.lesmilleherons.fr\/index.php?rest_route=\/wp\/v2\/pages"}],"about":[{"href":"https:\/\/www.lesmilleherons.fr\/index.php?rest_route=\/wp\/v2\/types\/page"}],"author":[{"embeddable":true,"href":"https:\/\/www.lesmilleherons.fr\/index.php?rest_route=\/wp\/v2\/users\/3"}],"replies":[{"embeddable":true,"href":"https:\/\/www.lesmilleherons.fr\/index.php?rest_route=%2Fwp%2Fv2%2Fcomments&post=1082"}],"version-history":[{"count":61,"href":"https:\/\/www.lesmilleherons.fr\/index.php?rest_route=\/wp\/v2\/pages\/1082\/revisions"}],"predecessor-version":[{"id":1812,"href":"https:\/\/www.lesmilleherons.fr\/index.php?rest_route=\/wp\/v2\/pages\/1082\/revisions\/1812"}],"wp:attachment":[{"href":"https:\/\/www.lesmilleherons.fr\/index.php?rest_route=%2Fwp%2Fv2%2Fmedia&parent=1082"}],"curies":[{"name":"wp","href":"https:\/\/api.w.org\/{rel}","templated":true}]}}